{"id":17,"date":"2020-04-01T15:02:57","date_gmt":"2020-04-01T13:02:57","guid":{"rendered":"http:\/\/stefanrohrer.de\/?page_id=17"},"modified":"2022-07-11T13:18:43","modified_gmt":"2022-07-11T11:18:43","slug":"biografie","status":"publish","type":"page","link":"http:\/\/stefanrohrer.de\/en\/biografie\/","title":{"rendered":"Biography"},"content":{"rendered":"","protected":false},"excerpt":{"rendered":"","protected":false},"author":1,"featured_media":0,"parent":0,"menu_order":0,"comment_status":"closed","ping_status":"closed","template":"","meta":[],"grid":"{\r\n  \"colCount\": 8,\r\n  \"colGutter\": 0.5,\r\n  \"rowGutters\": [\r\n    2,\r\n    3,\r\n    2,\r\n    3,\r\n    2,\r\n    3,\r\n    2,\r\n    3,\r\n    3\r\n  ],\r\n  \"frameMargin\": 1,\r\n  \"topFrameMargin\": 90,\r\n  \"bottomFrameMargin\": 2,\r\n  \"rowAttrs\": [\r\n    {},\r\n    {},\r\n    {},\r\n    {},\r\n    {},\r\n    {},\r\n    {},\r\n    {},\r\n    {},\r\n    {}\r\n  ],\r\n  \"bgColor\": null,\r\n  \"cont\": [\r\n    {\r\n      \"type\": \"text\",\r\n      \"cont\": \"<p class=\\\"_Menu\\\">VITA<\/p>\",\r\n      \"align\": \"bottom\",\r\n      \"row\": 0,\r\n      \"col\": 2,\r\n      \"colspan\": 4,\r\n      \"offsetx\": 0,\r\n      \"offsety\": 0,\r\n      \"spaceabove\": 0,\r\n      \"spacebelow\": 0,\r\n      \"yvel\": 1,\r\n      \"push\": 2,\r\n      \"relid\": 5\r\n    },\r\n    {\r\n      \"type\": \"html\",\r\n      \"cont\": \"<span class=\\\"fix\\\">\\n    <div class=\\\"scrolltotop\\\">\\n<li>Vita<\/li><\/div>\\n<li><a href=\\\"#section2\\\">Prizes and Residencies<\/a><\/li>\\n<li><a href=\\\"#section3\\\">Selected Solo Exhibitions<\/a><\/li>\\n<li><a href=\\\"#section4\\\">Selected Group Exhibitions<\/a><\/li>\\n<li><a href=\\\"#section5\\\">Bibliography<\/a><\/li>\\n\\n<\/span>\\n\\n\\n\",\r\n      \"align\": \"top\",\r\n      \"row\": 1,\r\n      \"col\": 0,\r\n      \"colspan\": 2,\r\n      \"offsetx\": 0,\r\n      \"offsety\": 0,\r\n      \"spaceabove\": 0,\r\n      \"spacebelow\": 0,\r\n      \"yvel\": 1,\r\n      \"push\": 0,\r\n      \"relid\": 19,\r\n      \"frameOverflow\": \"\"\r\n    },\r\n    {\r\n      \"type\": \"text\",\r\n      \"cont\": \"<table style=\\\"height: 200px;\\\" width=\\\"387\\\"><tbody><tr><td><p class=\\\"_Text_reg\\\">1968<\/p><\/td><td><p class=\\\"_Text_reg\\\">born in G\u00f6ppingen, Germany<\/p><\/td><\/tr><tr><td><p class=\\\"_Text_reg\\\">1987 \u2013 1990<\/p><\/td><td><p class=\\\"_Text_reg\\\">Apprenticeship as stonemason<\/p><\/td><\/tr><tr><td><p class=\\\"_Text_reg\\\">1996 \u2013 1998<\/p><\/td><td><p class=\\\"_Text_reg\\\">Training as master stonemason<\/p><\/td><\/tr><tr><td><p class=\\\"_Text_reg\\\">1998 \u2013 1999<\/p><\/td><td><p class=\\\"_Text_reg\\\">Studies in sculpture at the Burg Giebichenstein University of Art and Design, Halle (Saale)<\/p><\/td><\/tr><tr><td><p class=\\\"_Text_reg\\\">1999 \u2013 2004<\/p><\/td><td><p class=\\\"_Text_reg\\\">Studies at the<span class=\\\"Apple-converted-space\\\">\u00a0 <\/span>Stuttgart State Academy of Art and Design under Prof. Werner Pokorny and Prof. Micha Ullman<\/p><\/td><\/tr><tr><td><p class=\\\"_Text_reg\\\">2004 \u2013 2006<\/p><\/td><td><p class=\\\"_Text_reg\\\">Postgraduate studies at the Stuttgart State Academy of Art and Design under Prof. Udo Koch<\/p><\/td><\/tr><\/tbody><\/table>\",\r\n      \"align\": \"top\",\r\n      \"row\": 1,\r\n      \"col\": 2,\r\n      \"colspan\": 4,\r\n      \"offsetx\": 0,\r\n      \"offsety\": 0,\r\n      \"spaceabove\": 0,\r\n      \"spacebelow\": 0,\r\n      \"yvel\": 1,\r\n      \"push\": 0,\r\n      \"relid\": 6,\r\n      \"frameOverflow\": \"\",\r\n      \"html_id\": \"vita\"\r\n    },\r\n    {\r\n      \"type\": \"html\",\r\n      \"cont\": \"<style>\\ntable {border-spacing: 0px;\\n       width: 50vw;\\n       \\n}\\n\\ntd:nth-child(1) {width: 10%; min-width: 65px;}\\n\\n\/* the second *\/\\ntd:nth-child(2) {width: 90%;}    \\n    \\ntd {padding-bottom: 15px;\\n      vertical-align: text-top;\\n\\n}\\n    \\n#vita td:nth-child(1){\\n    width: 10%; min-width: 120px\\n}    \\n    \\n    \\n<\/style>\",\r\n      \"align\": \"top\",\r\n      \"row\": 1,\r\n      \"col\": 6,\r\n      \"colspan\": 1,\r\n      \"offsetx\": 0,\r\n      \"offsety\": 0,\r\n      \"spaceabove\": 0,\r\n      \"spacebelow\": 0,\r\n      \"yvel\": 1,\r\n      \"push\": 0,\r\n      \"relid\": 4,\r\n      \"frameOverflow\": \"\"\r\n    },\r\n    {\r\n      \"type\": \"text\",\r\n      \"cont\": \"<p>\u00a0<\/p><p>\u00a0<\/p><p>\u00a0<\/p>\",\r\n      \"align\": \"bottom\",\r\n      \"row\": 1,\r\n      \"col\": 7,\r\n      \"colspan\": 1,\r\n      \"offsetx\": 0,\r\n      \"offsety\": 0,\r\n      \"spaceabove\": 0,\r\n      \"spacebelow\": 0,\r\n      \"yvel\": 1,\r\n      \"push\": 0,\r\n      \"relid\": 14,\r\n      \"html_id\": \"section2\"\r\n    },\r\n    {\r\n      \"type\": \"text\",\r\n      \"cont\": \"<p class=\\\"_Menu\\\">Prizes and Residencies<\/p>\",\r\n      \"align\": \"top\",\r\n      \"row\": 2,\r\n      \"col\": 2,\r\n      \"colspan\": 5,\r\n      \"offsetx\": 0,\r\n      \"offsety\": 0,\r\n      \"spaceabove\": 0,\r\n      \"spacebelow\": 0,\r\n      \"yvel\": 1,\r\n      \"push\": 2,\r\n      \"relid\": 7,\r\n      \"isscrolltotop\": true\r\n    },\r\n    {\r\n      \"type\": \"text\",\r\n      \"cont\": \"<p>\u00a0<\/p><p>\u00a0<\/p><p>\u00a0<\/p>\",\r\n      \"align\": \"bottom\",\r\n      \"row\": 3,\r\n      \"col\": 1,\r\n      \"colspan\": 1,\r\n      \"offsetx\": 0,\r\n      \"offsety\": 0,\r\n      \"spaceabove\": 0,\r\n      \"spacebelow\": 0,\r\n      \"yvel\": 1,\r\n      \"push\": 1,\r\n      \"relid\": 15,\r\n      \"html_id\": \"section3\"\r\n    },\r\n    {\r\n      \"type\": \"text\",\r\n      \"cont\": \"<table style=\\\"height: 321px;\\\" width=\\\"387\\\"><tbody><tr><td><p class=\\\"_Text_reg\\\">2022<\/p><\/td><td><p class=\\\"_Text_reg\\\"><span style=\\\"font-size: 18px;\\\">Loth-Skulpturenpreis der art KARLSRUHE, DE<\/span><\/p><\/td><\/tr><tr><td><p class=\\\"_Text_reg\\\">2017<\/p><\/td><td><p class=\\\"_Text_reg\\\">Helmut Baumann Atelier Stipendium der Stadt G\u00f6ppingen, DE<\/p><\/td><\/tr><tr><td><p class=\\\"_Text_reg\\\">2015<\/p><\/td><td><p class=\\\"_Text_reg\\\">Scholarship ZF Art Foundation, Friedrichshafen, DE *<\/p><p class=\\\"_Text_reg\\\">Lothar-Fischer-Preis 2015, Neumarkt i.d.OPf, DE<\/p><p class=\\\"_Text_reg\\\">Kunst am Bau, ARENA 2036, university campus Stuttgart-Vaihingen, DE, 1st Prize<\/p><\/td><\/tr><tr><td><p class=\\\"_Text_reg\\\">2013<\/p><\/td><td><p class=\\\"_Text_reg\\\"><i>Werk13,<\/i> Heidenheim sculpture symposium, DE *<\/p><\/td><\/tr><tr><td><p class=\\\"_Text_reg\\\">2009<\/p><\/td><td><p class=\\\"_Text_reg\\\">Young Artist's Award of the Stuttgart State Academy of Art and Design, DE *<\/p><p class=\\\"_Text_reg\\\">Scholarship, Kulturstiftung Rhein-Neckar-Kreis, Kommandantenhaus Dilsberg, DE<\/p><\/td><\/tr><tr><td><p class=\\\"_Text_reg\\\">2008<\/p><\/td><td><p class=\\\"_Text_reg\\\">Licht, Competition entry for Raum der Stille, Herrgottskirche Creglingen, DE, 1st Prize<\/p><\/td><\/tr><tr><td><p class=\\\"_Text_reg\\\">2007<\/p><\/td><td><p class=\\\"_Text_reg\\\">Artist in Residence, K\u00fcnstlerdorf Sch\u00f6ppingen, DE<\/p><\/td><\/tr><tr><td><p class=\\\"_Text_reg\\\">2005<\/p><\/td><td><p class=\\\"_Text_reg\\\">Competition entry for <em>Skulpturen am Radweg \u2013 Kunst in der Landschaft,<\/em> Osterburken, DE *, Prize winner<\/p><\/td><\/tr><tr><td><p class=\\\"_Text_reg\\\">2004<\/p><\/td><td><p class=\\\"_Text_reg\\\">Competition entry for roundabout at G\u00f6ppingen, DE, 1st Prize<\/p><\/td><\/tr><tr><td><p class=\\\"_Text_reg\\\">2003<\/p><\/td><td><p class=\\\"_Text_reg\\\">Artist at work, Symposium, Landesgartenschau Ostfildern, DE, \u20281st Prize<\/p><\/td><\/tr><tr><td><p class=\\\"_Text_reg\\\">2002<\/p><\/td><td><p class=\\\"_Text_reg\\\">Artist in Residence Kunststiftung Erich Hauser, Rottweil, DE *<\/p><\/td><\/tr><tr><td><p class=\\\"_Text_reg\\\">\u00a0<\/p><\/td><td><p class=\\\"_Text_reg\\\">* Katalog<span class=\\\"Apple-converted-space\\\">\u00a0<\/span><\/p><\/td><\/tr><\/tbody><\/table>\",\r\n      \"align\": \"top\",\r\n      \"row\": 3,\r\n      \"col\": 2,\r\n      \"colspan\": 4,\r\n      \"offsetx\": 0,\r\n      \"offsety\": 0,\r\n      \"spaceabove\": 0,\r\n      \"spacebelow\": 0,\r\n      \"yvel\": 1,\r\n      \"push\": 0,\r\n      \"relid\": 8,\r\n      \"frameOverflow\": \"\"\r\n    },\r\n    {\r\n      \"type\": \"text\",\r\n      \"cont\": \"<p class=\\\"_Menu\\\">Selected Solo Exhibitions<\/p>\",\r\n      \"align\": \"middle\",\r\n      \"row\": 4,\r\n      \"col\": 2,\r\n      \"colspan\": 5,\r\n      \"offsetx\": 0,\r\n      \"offsety\": 0,\r\n      \"spaceabove\": 0,\r\n      \"spacebelow\": 0,\r\n      \"yvel\": 1,\r\n      \"push\": 2,\r\n      \"relid\": 9,\r\n      \"frameOverflow\": \"\"\r\n    },\r\n    {\r\n      \"type\": \"text\",\r\n      \"cont\": \"<p>\u00a0<\/p><p>\u00a0<\/p><p>\u00a0<\/p>\",\r\n      \"align\": \"bottom\",\r\n      \"row\": 5,\r\n      \"col\": 1,\r\n      \"colspan\": 1,\r\n      \"offsetx\": 0,\r\n      \"offsety\": 0,\r\n      \"spaceabove\": 0,\r\n      \"spacebelow\": 0,\r\n      \"yvel\": 1,\r\n      \"push\": 1,\r\n      \"relid\": 16,\r\n      \"html_id\": \"section4\"\r\n    },\r\n    {\r\n      \"type\": \"text\",\r\n      \"cont\": \"<table width=\\\"696\\\"><tbody><tr><td><p class=\\\"_Text_reg\\\">2022<\/p><\/td><td><p class=\\\"_Text_reg\\\"><em>Drift,<\/em> Jakobshallen der Galerie Scheffel, Bad Homburg v.d.H\u00f6he, DE<\/p><p class=\\\"_Text_reg\\\"><em>Speed Lines,<\/em> Museum im Kleihues-Bau, Kornwestheim, DE<\/p><\/td><\/tr><tr><td><p class=\\\"_Text_reg\\\">2021<\/p><\/td><td><p class=\\\"_Text_reg\\\"><em>La d\u00e9esse, Kreuzkirche, N\u00fcrtingen, DE<\/em><\/p><\/td><\/tr><tr><td><p class=\\\"_Text_reg\\\">2020<\/p><\/td><td><p class=\\\"_Text_reg\\\"><em>Eau Rouge, <\/em>Gesellschaft der Freunde f\u00fcr junge Kunst, Altes Dampfbad, Baden-Baden, DE<\/p><p class=\\\"_Text_reg\\\"><em>Dorothy Fratt &amp; Stefan Rohrer \u2013 Farbe \/ \/ Form,<\/em> St\u00e4dtische Galerie, Paderborn, DE<\/p><p class=\\\"_Text_reg\\\"><em>Kreuzung,<\/em> Akademie der Di\u00f6zese, Weingarten, DE<\/p><\/td><\/tr><tr><td><p class=\\\"_Text_reg\\\">2019<\/p><\/td><td><p class=\\\"_Text_reg\\\"><em>Stefan Rohrer. Zeitdilatation, Zeitdelirium\u2026 \u2013 und zur\u00fcck,<\/em> Kunsthalle G\u00f6ppingen, DE *<\/p><p class=\\\"_Text_reg\\\">Stefan Rohrer, Galerie Axel Pairon, Knokke, BE<\/p><\/td><\/tr><tr><td><p class=\\\"_Text_reg\\\">2018<\/p><\/td><td><p class=\\\"_Text_reg\\\"><em>Fast and Furious,<\/em> Kunststation Kleinsassen, DE<\/p><p class=\\\"_Text_reg\\\"><em>Himmelfahrt,<\/em> Studienkirche, Burghausen, DE<\/p><p class=\\\"_Text_reg\\\"><em>Gr\u00fcne H\u00f6lle,<\/em> Galerie Michael Schulz, Berlin, DE<\/p><\/td><\/tr><tr><td><p class=\\\"_Text_reg\\\">2017<\/p><\/td><td><p class=\\\"_Text_reg\\\"><em>Roller Coaster,<\/em> Galerie im Prediger, Schw\u00e4bisch Gm\u00fcnd, DE<\/p><\/td><\/tr><tr><td><p class=\\\"_Text_reg\\\">2016<\/p><\/td><td><p class=\\\"_Text_reg\\\"><em>Lothar-Fischer-Preis 2015,<\/em> Lothar-Fischer-Museum, Neumarkt i.d.OPf, DE<\/p><\/td><\/tr><tr><td><p class=\\\"_Text_reg\\\">2014<\/p><\/td><td><p class=\\\"_Text_reg\\\"><i>Schleudertrauma,<\/i> Kunstverein Schwetzingen, DE *<\/p><p class=\\\"_Text_reg\\\"><i>DREHMOMENTe,<\/i> Museum Pfalzgalerie Kaiserslautern, DE *<\/p><\/td><\/tr><tr><td><p class=\\\"_Text_reg\\\">2013<\/p><\/td><td><p class=\\\"_Text_reg\\\"><i>Spirit,<\/i> Galerie Scheffel, Bad Homburg v.d.H\u00f6he, DE<\/p><\/td><\/tr><tr><td><p class=\\\"_Text_reg\\\">2011<\/p><\/td><td><p class=\\\"_Text_reg\\\"><i>Stefan Rohrer,<\/i> Galerie Linde Hollinger, Ladenburg, DE<\/p><\/td><\/tr><tr><td><p class=\\\"_Text_reg\\\">2010<\/p><\/td><td><p class=\\\"_Text_reg\\\"><i>Im Fluss,<\/i> Galerie Manfred Rieker, Heilbronn, DE<\/p><p class=\\\"_Text_reg\\\"><i>Kunst in die Stadt!,<\/i> und St\u00e4dtische Galerie, Lahr, DE<\/p><p class=\\\"_Text_reg\\\"><i>Flow,<\/i> galerie p13, Heidelberg, DE<\/p><\/td><\/tr><tr><td><p class=\\\"_Text_reg\\\">2009<\/p><\/td><td><p class=\\\"_Text_reg\\\"><i>Andante Con Moto,<\/i> Akademie der Bildenden K\u00fcnste Stuttgart, DE *<\/p><p class=\\\"_Text_reg\\\"><i>Liederabend mit Kn\u00f6deln,<\/i> Kulturstiftung Rhein-Neckar-Kreis, Kommandantenhaus Dilsberg, DE<\/p><\/td><\/tr><tr><td><p class=\\\"_Text_reg\\\">2008<\/p><\/td><td><p class=\\\"_Text_reg\\\"><i>Land unter,<\/i> Galerie am Markt, Kunstverein Schw\u00e4bisch Hall, DE<\/p><p class=\\\"_Text_reg\\\"><i>Lack For You, <\/i>Stadtb\u00fccherei Stuttgart, DE<\/p><\/td><\/tr><tr><td><p class=\\\"_Text_reg\\\">2007<\/p><\/td><td><p class=\\\"_Text_reg\\\"><i>Stefan Rohrer, <\/i>Galerie Gerken, Berlin, DE<\/p><\/td><\/tr><tr><td><p class=\\\"_Text_reg\\\">2006<\/p><\/td><td><p class=\\\"_Text_reg\\\"><i>Stefan Rohrer,<\/i> Galerie Gerken, Berlin, DE<\/p><p class=\\\"_Text_reg\\\"><i>Kunstbewegt,<\/i> Sculpture symposium, Neckarsulm, DE<\/p><\/td><\/tr><tr><td><p class=\\\"_Text_reg\\\">\u00a0<\/p><\/td><td><p class=\\\"_Text_reg\\\">* Catalogue<\/p><\/td><\/tr><\/tbody><\/table>\",\r\n      \"align\": \"middle\",\r\n      \"row\": 5,\r\n      \"col\": 2,\r\n      \"colspan\": 4,\r\n      \"offsetx\": 0,\r\n      \"offsety\": 0,\r\n      \"spaceabove\": 0,\r\n      \"spacebelow\": 0,\r\n      \"yvel\": 1,\r\n      \"push\": 0,\r\n      \"relid\": 10,\r\n      \"frameOverflow\": \"\"\r\n    },\r\n    {\r\n      \"type\": \"text\",\r\n      \"cont\": \"<p class=\\\"_Menu\\\">Selected Group Exhibitions<\/p>\",\r\n      \"align\": \"top\",\r\n      \"row\": 6,\r\n      \"col\": 2,\r\n      \"colspan\": 5,\r\n      \"offsetx\": 0,\r\n      \"offsety\": 0,\r\n      \"spaceabove\": 0,\r\n      \"spacebelow\": 0,\r\n      \"yvel\": 1,\r\n      \"push\": 2,\r\n      \"relid\": 11,\r\n      \"frameOverflow\": \"\"\r\n    },\r\n    {\r\n      \"type\": \"text\",\r\n      \"cont\": \"\",\r\n      \"align\": \"bottom\",\r\n      \"row\": 7,\r\n      \"col\": 1,\r\n      \"colspan\": 1,\r\n      \"offsetx\": 0,\r\n      \"offsety\": 0,\r\n      \"spaceabove\": 0,\r\n      \"spacebelow\": 0,\r\n      \"yvel\": 1,\r\n      \"push\": 1,\r\n      \"relid\": 13,\r\n      \"html_id\": \"section5\"\r\n    },\r\n    {\r\n      \"type\": \"text\",\r\n      \"cont\": \"<table style=\\\"height: 368px;\\\" width=\\\"582\\\"><tbody><tr><td><p class=\\\"_Text_reg\\\">2021<\/p><\/td><td><p class=\\\"_Text_reg\\\"><em>Durchstarten \u2013 Take off, <\/em>Museum Art.Plus, Donaueschingen, DE<\/p><p class=\\\"_Text_reg\\\"><em>Spaces,<\/em> Kunstverein KISS, Schloss Untergr\u00f6ningen, DE<\/p><p class=\\\"_Text_reg\\\"><em>Tempo,<\/em> Neue Galerie Dachau, Dachau, DE<\/p><\/td><\/tr><tr><td><p class=\\\"_Text_reg\\\">2020<\/p><\/td><td><p class=\\\"_Text_reg\\\"><i><em>Power, <\/em><\/i>St\u00e4dtische Galerie, Villingen Schwenningen, DE<\/p><\/td><\/tr><tr><td><p class=\\\"_Text_reg\\\">2019<\/p><\/td><td><p class=\\\"_Text_reg\\\"><i>Vollgas \u2013 Full Speed,<\/i> Museum Art.Plus, Donaueschingen, DE<\/p><p class=\\\"_Text_reg\\\"><i>Humus,<\/i> G\u00e4stezimmer e.V., Stuttgart, DE<\/p><p class=\\\"_Text_reg\\\"><i>Donaugalerie,<\/i> Stadtraum, Tuttlingen, DE *<\/p><\/td><\/tr><tr><td><p class=\\\"_Text_reg\\\">2017<\/p><\/td><td><p class=\\\"_Text_reg\\\"><i>Leidenschaft Passion,<\/i> Museum Art.Plus, Donaueschingen, DE<\/p><p class=\\\"_Text_reg\\\"><i>Blickachsen 11,<\/i> Eschborn, DE *<\/p><p class=\\\"_Text_reg\\\"><i>TurmBau, Turmmodelle in der zeitgen\u00f6ssischen Skulptur,<\/i> kunst raum rottweil im Dominikanermuseum, DE *<\/p><\/td><\/tr><tr><td><p class=\\\"_Text_reg\\\">2016<\/p><\/td><td><p class=\\\"_Text_reg\\\"><i>Er\u00f6ffnungsausstellung,<\/i> Jakobshallen, Bad Homburg, DE<\/p><\/td><\/tr><tr><td><p class=\\\"_Text_reg\\\">2015<\/p><\/td><td><p class=\\\"_Text_reg\\\"><i>Alle,<\/i> K\u00fcnstlerbund Baden-W\u00fcrttemberg, St\u00e4dtische Galerie Karlsruhe, DE *<\/p><p class=\\\"_Text_reg\\\"><i>25 Jahre ZF Kunststiftung,<\/i> Zeppelin Museum Friedrichshafen, DE *<\/p><p class=\\\"_Text_reg\\\"><i>Bande,<\/i> St\u00e4dtische Galerie Offenburg, DE<\/p><p class=\\\"_Text_reg\\\"><i>Freude sch\u00f6ner G\u00f6tterfunken \u2013 Am Anfang war das Kreuz,<\/i> Galerie Abtart, Stuttgart, DE<\/p><\/td><\/tr><tr><td><p class=\\\"_Text_reg\\\">2014<\/p><\/td><td><p class=\\\"_Text_reg\\\"><i>Stahlplastik in Deutschland, gestern und heute,<\/i> Kunstverein Ettlingen, DE *<\/p><p class=\\\"_Text_reg\\\"><i>K\u00e4fer, Crash &amp; Capri-Batterie,<\/i> Kunstmuseum M\u00fchlheim an der Ruhr, DE *<\/p><p class=\\\"_Text_reg\\\"><i>Busan Bienale 2014,<\/i> Busan, KR *<\/p><p class=\\\"_Text_reg\\\"><i>Im kleinen Format, <\/i>Galerie Scheffel, Bad Homburg v.d.H\u00f6he, DE<\/p><p class=\\\"_Text_reg\\\"><i>Weiss Inspiriert,<\/i> Galerie Hollinger, Ladenburg, DE<\/p><\/td><\/tr><tr><td><p class=\\\"_Text_reg\\\">2013<\/p><\/td><td><p class=\\\"_Text_reg\\\"><i>Skulptur ist wenn...,<\/i> Kunsthalle G\u00f6ppingen, Kunstverein Wilhelmsh\u00f6he Ettlingen, DE *<\/p><p class=\\\"_Text_reg\\\"><i>K\u00e4fer, Crash &amp; Capri-Batterie,<\/i> St\u00e4dtische Galerie Delmenhorst, Kunstmuseum Heidenheim, DE *<\/p><p class=\\\"_Text_reg\\\"><i>Werk 13,<\/i> Heidenheim sculpture symposium and Kunstmuseum Heidenheim, DE *<\/p><p class=\\\"_Text_reg\\\"><i>Blickachsen 9,<\/i> Kurpark and castle grounds, Bad Homburg v.d.H\u00f6he, DE *<\/p><p class=\\\"_Text_reg\\\"><i>Video:Musik, blowin\u2019 free<\/i> \u2013 Das Containerdorf der KunstVereineRuhr, Emscherkunst, DE<\/p><p class=\\\"_Text_reg\\\"><i>Macht. Wahn. Vision. Der Turm und urbane Giganten in der Skulptur,<\/i> St\u00e4dtische Museen Heilbronn, DE *<\/p><p class=\\\"_Text_reg\\\"><i>Mind The Gap, <\/i>Flat1, Wien, AT<\/p><p class=\\\"_Text_reg\\\"><i>Wagenhallen au\u00dfer Haus,<\/i> Galerie der Stadt Backnang, DE *<\/p><p class=\\\"_Text_reg\\\"><i>Im kleinen Format,<\/i> Galerie Scheffel, Bad Homburg v.d.H\u00f6he, DE<\/p><\/td><\/tr><tr><td><p class=\\\"_Text_reg\\\">2012<\/p><\/td><td><p class=\\\"_Text_reg\\\"><i>Powerflower \u2013 Bl\u00fctenzauber in der zeitgen\u00f6ssischen Kunst,<\/i> Galerie Abtart, Stuttgart, DE *<\/p><p class=\\\"_Text_reg\\\"><i>Mensch Maschine, <\/i>Kunsthalle Darmstadt, DE<\/p><p class=\\\"_Text_reg\\\"><i>experiment:Stadtraum 2012,<\/i> Brunswick, DE\u2009<\/p><p class=\\\"_Text_reg\\\"><i>Neue Kunst in alten G\u00e4rten,<\/i> Gardens of the Upper and Lower Manor in Lenthe, DE *<\/p><p class=\\\"_Text_reg\\\"><i>Experimentelle 17,<\/i> Schloss Randegg, Randegg, DE *<\/p><p class=\\\"_Text_reg\\\"><i>K\u00fcnstler der Galerie und Neuentdeckungen,<\/i> Galerie Linde Hollinger, Ladenburg, DE<\/p><p class=\\\"_Text_reg\\\"><i>Im kleinen Format,<\/i> Galerie Scheffel, Bad Homburg v.d.H\u00f6he, DE<\/p><\/td><\/tr><tr><td><p class=\\\"_Text_reg\\\">2011<\/p><\/td><td><p class=\\\"_Text_reg\\\"><i>Car Culture \u2013 Medien der Mobilit\u00e4t,<\/i> ZKM Karlsruhe, DE *<\/p><p class=\\\"_Text_reg\\\"><i>Blickachsen 8,<\/i> Kurpark und and Steigenberger Hotel, Bad Homburg v.d.H\u00f6he, DE *<\/p><p class=\\\"_Text_reg\\\"><i>automobil \u2013 Kunst und Bewegung,<\/i> Galerie Abtart, Stuttgart, DE *<\/p><p class=\\\"_Text_reg\\\"><i>Bildhauer-Zeichnungen,<\/i> Galerie Scheffel, Bad Homburg v.d.H\u00f6he, DE<\/p><\/td><\/tr><tr><td><p class=\\\"_Text_reg\\\">2010<\/p><\/td><td><p class=\\\"_Text_reg\\\"><i>Flower Power,<\/i> Landesgartenschau Villingen-Schwenningen, DE<\/p><p class=\\\"_Text_reg\\\"><i>Ansehen!,<\/i> Galerie im Volkspark, Halle, DE *<\/p><p class=\\\"_Text_reg\\\"><i>Metall:Werke,<\/i> Museum Biedermann, Donaueschingen, DE *<\/p><p class=\\\"_Text_reg\\\"><i>Im kleinen Format,<\/i> Galerie Scheffel, Bad Homburg v.d.H\u00f6he, DE<\/p><p class=\\\"_Text_reg\\\"><i>Singenkunst,<\/i> St\u00e4dtisches Kunstmuseum Singen, DE *<\/p><\/td><\/tr><tr><td><p class=\\\"_Text_reg\\\">2009<\/p><\/td><td><p class=\\\"_Text_reg\\\"><i>Selection \u2013 Einblicke in die Sammlung Biedermann,<\/i> Museum Biedermann, Donaueschingen, DE *<\/p><p class=\\\"_Text_reg\\\"><i>Preview Berlin,<\/i> Projektraum Knut Osper\u2009(Cologne), Berlin, DE *<\/p><p class=\\\"_Text_reg\\\"><i>Durchaus Exemplarisch,<\/i> K\u00fcnstlerbund Baden-W\u00fcrttemberg, Villa Merkel, Esslingen, DE *<\/p><\/td><\/tr><tr><td><p class=\\\"_Text_reg\\\">2008<\/p><\/td><td><p class=\\\"_Text_reg\\\"><i>Vielfalt dreidimensional,<\/i> Galerie Manfred Rieker, Heilbronn, DE<span class=\\\"Apple-converted-space\\\">\u00a0<\/span><\/p><p class=\\\"_Text_reg\\\"><i>Kunst-Schau-Pl\u00e4tze,<\/i> Wangen im Allg\u00e4u, DE<span class=\\\"Apple-converted-space\\\">\u00a0<\/span><\/p><p class=\\\"_Text_reg\\\"><i>Local to Local,<\/i> Institut f\u00fcr alpine Angelegenheiten, Flaas, South Tirol, IT <i>Parallel Events, Manifesta 7,<\/i> Bolzano, IT *<\/p><\/td><\/tr><tr><td><p class=\\\"_Text_reg\\\">2007<\/p><\/td><td><p class=\\\"_Text_reg\\\"><i>Kunstbewegt,<\/i> K\u00fcnstlerbund Baden-W\u00fcrttemberg, Neckarsulm, DE *<\/p><p class=\\\"_Text_reg\\\"><i>Was kommt \u2013 was geht,<\/i> Projektraum Knut Osper, K\u00f6ln Cologne, DE<span class=\\\"Apple-converted-space\\\">\u00a0<\/span><\/p><p class=\\\"_Text_reg\\\"><i>Beauty Farm, <\/i>Hagenbucher, Heilbronn, DE<span class=\\\"Apple-converted-space\\\">\u00a0<\/span><\/p><\/td><\/tr><tr><td><p class=\\\"_Text_reg\\\">2006<\/p><\/td><td><p class=\\\"_Text_reg\\\"><i>Schnelllangsam,<\/i> Turmforum, Stuttgart, DE<span class=\\\"Apple-converted-space\\\">\u00a0<\/span><\/p><p class=\\\"_Text_reg\\\"><i>Butterbrotas,<\/i> Galerija Intro, Vilnius, LT<\/p><p class=\\\"_Text_reg\\\"><i>we love to entertain you,<\/i> St\u00e4dtische Galerie, Villingen-Schwenningen, DE *<\/p><p class=\\\"_Text_reg\\\"><i>Tecknik,<\/i> St\u00e4dtische Galerie im Kornhaus, Kirchheim unter Teck, DE<span class=\\\"Apple-converted-space\\\">\u00a0<\/span><\/p><\/td><\/tr><tr><td><p class=\\\"_Text_reg\\\">2005<\/p><\/td><td><p class=\\\"_Text_reg\\\"><i>Dienstag 14 Uhr:<\/i> <i>Klasse Ullman 1991\u2009\u2013\u20092005,<\/i> Staatliche Akademie der Bildenden K\u00fcnste Stuttgart, DE *<\/p><p class=\\\"_Text_reg\\\"><i>Gedenkst\u00e4tte 25. M\u00e4rz 1933,<\/i> Group work with Helmut Dietz, Friedemann Fl\u00f6ther, Tino Panse, Rudolf Reiber; Altes Rathaus Creglingen, DE \u2009<\/p><p class=\\\"_Text_reg\\\"><i>Marchtaler Fenster,<\/i> Di\u00f6zese Rottenburg-Stuttgart, Obermarchtal, DE *<\/p><p class=\\\"_Text_reg\\\"><i>Promenadenmischung,<\/i> Kunstverein Wilhelmsh\u00f6he Ettlingen, DE *<\/p><p class=\\\"_Text_reg\\\"><i>Skulpturen am Radweg \u2013 Kunst in der Landschaft, <\/i>Osterburken, DE *<\/p><p class=\\\"_Text_reg\\\"><i>siebenundsieben \u2013 oder die 14 Nothelfer,<\/i> Kunst-Raum-Akademie Weingarten, DE \u2009<\/p><\/td><\/tr><tr><td><p class=\\\"_Text_reg\\\">2004<\/p><\/td><td><p class=\\\"_Text_reg\\\"><i>Grund zu Kommen,<\/i> K\u00fcnstlerbund Baden-W\u00fcrttemberg, Neues Kloster Bad Schussenried, DE *<\/p><\/td><\/tr><tr><td><p class=\\\"_Text_reg\\\">2003<\/p><\/td><td><p class=\\\"_Text_reg\\\"><i>Saar Ferngas F\u00f6rderpreis Junge Kunst,<\/i> Galerie Junge Kunst, Trier, DE *<\/p><p class=\\\"_Text_reg\\\"><i>Minutes Only,<\/i> Akademie der K\u00fcnste Karlsruhe, DE \u2009<\/p><\/td><\/tr><tr><td><p class=\\\"_Text_reg\\\">2002<\/p><\/td><td><p class=\\\"_Text_reg\\\"><i>Saar Ferngas F\u00f6rderpreis Junge Kunst,<\/i> Wilhelm-Hack-Museum, Ludwigshafen, DE *<\/p><p class=\\\"_Text_reg\\\"><i>Gallery Hopping Center,<\/i> Office building Hildebrandt, Stuttgart, DE \u2009<\/p><p class=\\\"_Text_reg\\\"><i>Auf Achse,<\/i> Project space \u201cguestroom\u201d of the Filderbahnfreundem\u00f6hringen FFM, Stuttgart-M\u00f6hringen, DE \u2009<\/p><\/td><\/tr><tr><td><p class=\\\"_Text_reg\\\">2001<\/p><\/td><td><p class=\\\"_Text_reg\\\"><i>bis dato unbekannt,<\/i> St\u00e4dtische Galerie, Villingen-Schwenningen, DE *<\/p><p class=\\\"_Text_reg\\\"><i>Niveau,<\/i> Akademie Schloss Solitude, Stuttgart, DE \u2009<\/p><\/td><\/tr><tr><td><p class=\\\"_Text_reg\\\">\u00a0<\/p><\/td><td><p class=\\\"_Text_reg\\\">* Catalogue<\/p><\/td><\/tr><\/tbody><\/table>\",\r\n      \"align\": \"top\",\r\n      \"row\": 7,\r\n      \"col\": 2,\r\n      \"colspan\": 4,\r\n      \"offsetx\": 0,\r\n      \"offsety\": 0,\r\n      \"spaceabove\": 0,\r\n      \"spacebelow\": 0,\r\n      \"yvel\": 1,\r\n      \"push\": 0,\r\n      \"relid\": 12,\r\n      \"frameOverflow\": \"\"\r\n    },\r\n    {\r\n      \"type\": \"text\",\r\n      \"cont\": \"<p class=\\\"_Menu\\\">BibliograPHY<\/p>\",\r\n      \"align\": \"middle\",\r\n      \"row\": 8,\r\n      \"col\": 2,\r\n      \"colspan\": 4,\r\n      \"offsetx\": 0,\r\n      \"offsety\": 0,\r\n      \"spaceabove\": 0,\r\n      \"spacebelow\": 0,\r\n      \"yvel\": 1,\r\n      \"push\": 2,\r\n      \"relid\": 18\r\n    },\r\n    {\r\n      \"type\": \"text\",\r\n      \"cont\": \"<table style=\\\"height: 200px;\\\" width=\\\"387\\\"><tbody><tr><td><p class=\\\"_Text_reg\\\">2019<\/p><\/td><td><p class=\\\"_Text_reg\\\"><i>Stefan Rohrer \u2013 <\/i><i>Zeitdilatation, Zeitdelirium\u2026 \u2013 und zur\u00fcck,<\/i> Ed. Melanie Ardjah, Kunsthalle G\u00f6ppingen, DE<\/p><\/td><\/tr><tr><td><p class=\\\"_Text_reg\\\">2015<\/p><\/td><td><p class=\\\"_Text_reg\\\"><i>Parabolika, <\/i>Eds. Matthias Lenz, Regina Michel, ZF Art Foundation, Verlag Robert Gessler, Friedrichshafen, DE<\/p><\/td><\/tr><tr><td><p class=\\\"_Text_reg\\\">2014<\/p><\/td><td><p class=\\\"_Text_reg\\\"><i>Stefan Rohrer \u2013 Drehmomente,<\/i> Ed. mpk, Museum Pfalzgalerie Kaiserslautern, Wienand Verlag, Cologne, De<\/p><\/td><\/tr><tr><td><p class=\\\"_Text_reg\\\">2009<\/p><\/td><td><p class=\\\"_Text_reg\\\"><i>Stefan Rohrer \u2013 Andante Con Moto,<\/i> Ed. Staatlichen Akademie der Bildenden K\u00fcnste Stuttgart, DE<\/p><\/td><\/tr><\/tbody><\/table>\",\r\n      \"align\": \"top\",\r\n      \"row\": 9,\r\n      \"col\": 2,\r\n      \"colspan\": 1,\r\n      \"offsetx\": 0,\r\n      \"offsety\": 0,\r\n      \"spaceabove\": 0,\r\n      \"spacebelow\": 0,\r\n      \"yvel\": 1,\r\n      \"push\": 2,\r\n      \"relid\": 20\r\n    }\r\n  ]\r\n}","phonegrid":"","_links":{"self":[{"href":"http:\/\/stefanrohrer.de\/en\/wp-json\/wp\/v2\/pages\/17"}],"collection":[{"href":"http:\/\/stefanrohrer.de\/en\/wp-json\/wp\/v2\/pages"}],"about":[{"href":"http:\/\/stefanrohrer.de\/en\/wp-json\/wp\/v2\/types\/page"}],"author":[{"embeddable":true,"href":"http:\/\/stefanrohrer.de\/en\/wp-json\/wp\/v2\/users\/1"}],"replies":[{"embeddable":true,"href":"http:\/\/stefanrohrer.de\/en\/wp-json\/wp\/v2\/comments?post=17"}],"version-history":[{"count":0,"href":"http:\/\/stefanrohrer.de\/en\/wp-json\/wp\/v2\/pages\/17\/revisions"}],"wp:attachment":[{"href":"http:\/\/stefanrohrer.de\/en\/wp-json\/wp\/v2\/media?parent=17"}],"curies":[{"name":"wp","href":"https:\/\/api.w.org\/{rel}","templated":true}]}}